{"id":199,"date":"2019-02-19T11:40:26","date_gmt":"2019-02-19T10:40:26","guid":{"rendered":"https:\/\/www.mayer-holz.at\/?page_id=199"},"modified":"2022-08-22T16:36:29","modified_gmt":"2022-08-22T14:36:29","slug":"fassholz","status":"publish","type":"page","link":"https:\/\/www.mayer-holz.at\/fr\/fassholz\/","title":{"rendered":"Merrains"},"content":{"rendered":"<div class=\"wpb-content-wrapper\"><p>[vc_row][vc_column offset=&#8221;vc_hidden-lg vc_hidden-md vc_hidden-sm&#8221;][vc_empty_space height=&#8221;20px&#8221;][\/vc_column][\/vc_row][vc_row][vc_column offset=&#8221;vc_hidden-xs&#8221;][vc_empty_space height=&#8221;40px&#8221;][\/vc_column][\/vc_row][vc_row full_width=&#8221;stretch_row&#8221;][vc_column][vc_column_text]<\/p>\n<h1>Merrains exclusifs Ch\u00eane et Acacia<\/h1>\n<hr class=\"hr_narrow  hr_color\" style=\"margin:0 auto 22px;\"\/>\n\n<p>Les tonneaux en ch\u00eane sont bien connus et \u00e9prouv\u00e9s depuis des si\u00e8cles. Nos ch\u00eanes fran\u00e7ais ou europ\u00e9ens de grandes qualit\u00e9s trouvent leurs utilisations dans le stockage du vin, du whisky ou du sherry. Gr\u00e2ce aux meilleurs bois de <strong>ch\u00eane fran\u00e7ais et hongrois<\/strong>, les produits gagnent en expressivit\u00e9, qualit\u00e9 et maturit\u00e9.<\/p>\n<p><strong>Le bois de Robinier faux Acacia<\/strong>\u00a0est id\u00e9al pour la culture et la maturation de distillats tels que les eaux de vie, le marc, le whisky ou encore le vinaigre. En raison de sa teneur \u00e9lev\u00e9e en acide tannique, le tonneau en bois de robinier est \u00e9galement utilis\u00e9 pour les vins blancs. Nous achetons notre noble <strong>Robinier<\/strong> dans les zones foresti\u00e8res hongroises. Qu&#8217;il s&#8217;agisse de <strong>f\u00fbts de ch\u00eane, de barriques ou de cuves en bois<\/strong>, nous sommes heureux de livrer le bois fendu ou sci\u00e9 qui convient, comme d&#8217;habitude dans la meilleure qualit\u00e9 de bois Mayer-Fischer.[\/vc_column_text][\/vc_column][\/vc_row][vc_row][vc_column css_animation=&#8221;bottom-to-top&#8221;][vc_btn title=&#8221; Formulaire de demande&#8221; style=&#8221;flat&#8221; shape=&#8221;square&#8221; i_type=&#8221;linecons&#8221; i_icon_linecons=&#8221;vc_li vc_li-mail&#8221; add_icon=&#8221;true&#8221; link=&#8221;url:%2Ffr%2Fkontakt%23anfrage|||&#8221;][\/vc_column][\/vc_row][vc_row][vc_column offset=&#8221;vc_hidden-lg vc_hidden-md vc_hidden-sm&#8221;][vc_empty_space height=&#8221;20px&#8221;][\/vc_column][\/vc_row][vc_row][vc_column offset=&#8221;vc_hidden-xs&#8221;][vc_empty_space height=&#8221;40px&#8221;][\/vc_column][\/vc_row][vc_row full_width=&#8221;stretch_row_content_no_spaces&#8221;][vc_column][vc_masonry_media_grid gap=&#8221;10&#8243; item=&#8221;351&#8243; initial_loading_animation=&#8221;fadeIn&#8221; grid_id=&#8221;vc_gid:1553072822853-1129cda7-9b40-0&#8243; include=&#8221;388,389,390,655,391,654&#8243;][\/vc_column][\/vc_row][vc_row][vc_column offset=&#8221;vc_hidden-xs&#8221;][vc_empty_space height=&#8221;40px&#8221;][\/vc_column][\/vc_row]<\/p>\n<\/div>","protected":false},"excerpt":{"rendered":"<p>[vc_row][vc_column offset=&#8221;vc_hidden-lg vc_hidden-md vc_hidden-sm&#8221;][vc_empty_space height=&#8221;20px&#8221;][\/vc_column][\/vc_row][vc_row][vc_column offset=&#8221;vc_hidden-xs&#8221;][vc_empty_space height=&#8221;40px&#8221;][\/vc_column][\/vc_row][vc_row full_width=&#8221;stretch_row&#8221;][vc_column][vc_column_text] Merrains exclusifs Ch\u00eane et Acacia Les tonneaux en ch\u00eane sont bien connus et \u00e9prouv\u00e9s depuis des si\u00e8cles. Nos<span class=\"excerpt-hellip\"> [\u2026]<\/span><\/p>\n","protected":false},"author":1,"featured_media":0,"parent":0,"menu_order":0,"comment_status":"closed","ping_status":"closed","template":"","meta":{"footnotes":""},"class_list":["post-199","page","type-page","status-publish","hentry"],"translation":{"provider":"WPGlobus","version":"3.0.1","language":"fr","enabled_languages":["de","gb","fr"],"languages":{"de":{"title":true,"content":true,"excerpt":false},"gb":{"title":true,"content":true,"excerpt":false},"fr":{"title":true,"content":true,"excerpt":false}}},"aioseo_notices":[],"_links":{"self":[{"href":"https:\/\/www.mayer-holz.at\/fr\/wp-json\/wp\/v2\/pages\/199","targetHints":{"allow":["GET"]}}],"collection":[{"href":"https:\/\/www.mayer-holz.at\/fr\/wp-json\/wp\/v2\/pages"}],"about":[{"href":"https:\/\/www.mayer-holz.at\/fr\/wp-json\/wp\/v2\/types\/page"}],"author":[{"embeddable":true,"href":"https:\/\/www.mayer-holz.at\/fr\/wp-json\/wp\/v2\/users\/1"}],"replies":[{"embeddable":true,"href":"https:\/\/www.mayer-holz.at\/fr\/wp-json\/wp\/v2\/comments?post=199"}],"version-history":[{"count":28,"href":"https:\/\/www.mayer-holz.at\/fr\/wp-json\/wp\/v2\/pages\/199\/revisions"}],"predecessor-version":[{"id":787,"href":"https:\/\/www.mayer-holz.at\/fr\/wp-json\/wp\/v2\/pages\/199\/revisions\/787"}],"wp:attachment":[{"href":"https:\/\/www.mayer-holz.at\/fr\/wp-json\/wp\/v2\/media?parent=199"}],"curies":[{"name":"wp","href":"https:\/\/api.w.org\/{rel}","templated":true}]}}