{"id":212,"date":"2019-02-19T12:20:17","date_gmt":"2019-02-19T11:20:17","guid":{"rendered":"https:\/\/www.mayer-holz.at\/?page_id=212"},"modified":"2023-03-29T09:11:01","modified_gmt":"2023-03-29T07:11:01","slug":"team","status":"publish","type":"page","link":"https:\/\/www.mayer-holz.at\/fr\/team\/","title":{"rendered":"\u00c9quipe"},"content":{"rendered":"<div class=\"wpb-content-wrapper\"><p>[vc_row][vc_column offset=&#8221;vc_hidden-lg vc_hidden-md vc_hidden-sm&#8221;][vc_empty_space height=&#8221;20px&#8221;][\/vc_column][\/vc_row][vc_row][vc_column offset=&#8221;vc_hidden-xs&#8221;][vc_empty_space height=&#8221;40px&#8221;][\/vc_column][\/vc_row][vc_row full_width=&#8221;stretch_row&#8221;][vc_column][vc_column_text]<\/p>\n<h1>Notre devise \u201eLe bois est notre passion et nos em<\/h1>\n<hr class=\"hr_narrow  hr_color\" style=\"margin:0 auto 22px;\"\/>\n\n<p>\u201eLe succ\u00e8s avec le bois repose sur la confiance, la passion pour le produit et les bonnes relations. \u201c C\u00b4est le leitmotiv de la soci\u00e9t\u00e9 depuis ses d\u00e9buts. Derri\u00e8re Mayer-Fischer <strong>Holzhandel<\/strong> se tient une \u00e9quipe forte : Hannes Fischer, Susanne Klein et Wilfried Tissot. Ils forment la colonne vert\u00e9brale de l\u00b4entreprise. Ils sont tout simplement fait du \u201ebois de la meilleur qualit\u00e9 Mayer-Fischer\u201c.*<\/p>\n<ul>\n<li>1953 Emil Mayer \u00e0 fond\u00e9 son entreprise \u201eMayer Holzhandel\u201c avec beaucoup d\u00b4envie et de passion.<\/li>\n<li>Au d\u00e9but des ann\u00e9es 1980, la forme juridique change et devient une \u00ab SARL \u00bb.<\/li>\n<li>1990 Edgar Mayer reprend la direction de la soci\u00e9t\u00e9, il vent et ach\u00e8te du bois un peu partout dans le monde. Le fr\u00e8re et copropri\u00e9taire, Ren\u00e9 Mayer se concentre sur les bois de grande qualit\u00e9.<\/li>\n<li>1990 Agrandissement du si\u00e8ge de la soci\u00e9t\u00e9 \u00e0 Rankweil<\/li>\n<li>2008 Hannes Fischer prend la direction de la soci\u00e9t\u00e9<\/li>\n<li>2019 aus \u201eMayer Holzhandel GmbH\u201c devient \u201eMayer-Fischer Holz und Handel GmbH\u201c<br \/>\nHannes Fischer devient propri\u00e9taire et directeur g\u00e9n\u00e9ral<\/li>\n<\/ul>\n<p>&nbsp;<\/p>\n<p>*sur demande[\/vc_column_text][\/vc_column][\/vc_row][vc_row][vc_column][vc_empty_space height=&#8221;40px&#8221;][\/vc_column][\/vc_row][vc_row][vc_column css_animation=&#8221;fadeInLeft&#8221; width=&#8221;1\/4&#8243; el_class=&#8221;team-pic3&#8243;][vc_single_image image=&#8221;439&#8243; img_size=&#8221;full&#8221; alignment=&#8221;center&#8221; el_class=&#8221;team-bilder&#8221;][vc_column_text css=&#8221;.vc_custom_1553072634076{padding-top: 15px !important;padding-right: 15px !important;padding-bottom: 15px !important;padding-left: 15px !important;background-color: #f2f2f2 !important;}&#8221;]<\/p>\n<h5><strong>Hannes Fischer<\/strong><\/h5>\n<p>Owner and<br \/>\nCEO<br \/>\n<a href=\"mailto:h.f@mayer-holz.at\">h.f@mayer-holz.at<\/a>[\/vc_column_text][\/vc_column][vc_column css_animation=&#8221;fadeInLeft&#8221; width=&#8221;1\/4&#8243; el_class=&#8221;team-pic2&#8243;][vc_single_image image=&#8221;440&#8243; img_size=&#8221;full&#8221; alignment=&#8221;center&#8221; el_class=&#8221;team-bilder&#8221;][vc_column_text css=&#8221;.vc_custom_1553153587003{padding-top: 15px !important;padding-right: 15px !important;padding-bottom: 15px !important;padding-left: 15px !important;background-color: #f2f2f2 !important;}&#8221;]<\/p>\n<h5><strong>Susanne Klein<\/strong><\/h5>\n<p>Disposition and<br \/>\nOfficemanagement<br \/>\n<a href=\"mailto:info@mayer-holz.at\">info@mayer-holz.at<\/a>[\/vc_column_text][\/vc_column][vc_column css_animation=&#8221;fadeInLeft&#8221; width=&#8221;1\/4&#8243;][vc_single_image image=&#8221;441&#8243; img_size=&#8221;full&#8221; alignment=&#8221;center&#8221; el_class=&#8221;team-bilder&#8221;][vc_column_text css=&#8221;.vc_custom_1553077193935{padding-top: 15px !important;padding-right: 15px !important;padding-bottom: 15px !important;padding-left: 15px !important;background-color: #f2f2f2 !important;}&#8221;]<\/p>\n<h5><strong>Wilfried Tissot<\/strong><\/h5>\n<p>Sales France<br \/>\nand Italy<br \/>\n<a href=\"mailto:w.t@mayer-holz.at\">w.t@mayer-holz.at<\/a>[\/vc_column_text][\/vc_column][vc_column width=&#8221;1\/4&#8243;][\/vc_column][\/vc_row][vc_row][vc_column][vc_empty_space height=&#8221;40px&#8221;][\/vc_column][\/vc_row]<\/p>\n<\/div>","protected":false},"excerpt":{"rendered":"<p>[vc_row][vc_column offset=&#8221;vc_hidden-lg vc_hidden-md vc_hidden-sm&#8221;][vc_empty_space height=&#8221;20px&#8221;][\/vc_column][\/vc_row][vc_row][vc_column offset=&#8221;vc_hidden-xs&#8221;][vc_empty_space height=&#8221;40px&#8221;][\/vc_column][\/vc_row][vc_row full_width=&#8221;stretch_row&#8221;][vc_column][vc_column_text] Notre devise \u201eLe bois est notre passion et nos em \u201eLe succ\u00e8s avec le bois repose sur la<span class=\"excerpt-hellip\"> [\u2026]<\/span><\/p>\n","protected":false},"author":1,"featured_media":0,"parent":0,"menu_order":0,"comment_status":"closed","ping_status":"closed","template":"","meta":{"footnotes":""},"class_list":["post-212","page","type-page","status-publish","hentry"],"translation":{"provider":"WPGlobus","version":"3.0.1","language":"fr","enabled_languages":["de","gb","fr"],"languages":{"de":{"title":true,"content":true,"excerpt":false},"gb":{"title":true,"content":true,"excerpt":false},"fr":{"title":true,"content":true,"excerpt":false}}},"aioseo_notices":[],"_links":{"self":[{"href":"https:\/\/www.mayer-holz.at\/fr\/wp-json\/wp\/v2\/pages\/212","targetHints":{"allow":["GET"]}}],"collection":[{"href":"https:\/\/www.mayer-holz.at\/fr\/wp-json\/wp\/v2\/pages"}],"about":[{"href":"https:\/\/www.mayer-holz.at\/fr\/wp-json\/wp\/v2\/types\/page"}],"author":[{"embeddable":true,"href":"https:\/\/www.mayer-holz.at\/fr\/wp-json\/wp\/v2\/users\/1"}],"replies":[{"embeddable":true,"href":"https:\/\/www.mayer-holz.at\/fr\/wp-json\/wp\/v2\/comments?post=212"}],"version-history":[{"count":70,"href":"https:\/\/www.mayer-holz.at\/fr\/wp-json\/wp\/v2\/pages\/212\/revisions"}],"predecessor-version":[{"id":884,"href":"https:\/\/www.mayer-holz.at\/fr\/wp-json\/wp\/v2\/pages\/212\/revisions\/884"}],"wp:attachment":[{"href":"https:\/\/www.mayer-holz.at\/fr\/wp-json\/wp\/v2\/media?parent=212"}],"curies":[{"name":"wp","href":"https:\/\/api.w.org\/{rel}","templated":true}]}}