{"id":249,"date":"2019-02-20T10:29:51","date_gmt":"2019-02-20T09:29:51","guid":{"rendered":"https:\/\/www.mayer-holz.at\/?page_id=249"},"modified":"2019-03-20T11:00:51","modified_gmt":"2019-03-20T10:00:51","slug":"robinie","status":"publish","type":"page","link":"https:\/\/www.mayer-holz.at\/fr\/robinie\/","title":{"rendered":"Robinier"},"content":{"rendered":"<div class=\"wpb-content-wrapper\"><p>[vc_row][vc_column offset=&#8221;vc_hidden-lg vc_hidden-md vc_hidden-sm&#8221;][vc_empty_space height=&#8221;20px&#8221;][\/vc_column][\/vc_row][vc_row][vc_column offset=&#8221;vc_hidden-xs&#8221;][vc_empty_space height=&#8221;40px&#8221;][\/vc_column][\/vc_row][vc_row full_width=&#8221;stretch_row&#8221;][vc_column][vc_column_text]<\/p>\n<h1>Grande polyvalence du bois d\u00b4acacia \u2013 Achetez un bois qui se maintien dans le temps.<\/h1>\n<hr class=\"hr_narrow  hr_color\" style=\"margin:0 auto 22px;\"\/>\n\n<p><strong>Le robinier faux acacia<\/strong><strong> ou encore \u00a0<\/strong><strong>l\u00b4acacia<\/strong>\u00a0est le bois le plus dur et le plus durable de notre continent.. Ce beau <strong>robinier<\/strong>\u00a0est la seule essence de bois cultiv\u00e9e en Europe pouvant \u00eatre utilis\u00e9e sans impr\u00e9gnation. L\u00b4utilisation du\u00a0<strong>\u201ebois tropical europ\u00e9en\u201c <\/strong>est extr\u00eamement polyvalente. <strong>Du bois r\u00e9sistant et durable pour les terrasses et les terrains de jeux<\/strong><strong>, il peut aussi \u00eatre utilis\u00e9 comme piquet pour les cl\u00f4tures ou encore comme treillis ou barrage anti-avalanches<\/strong>. <strong>Votre achat en acacia vous durera toute une vie<\/strong><strong>.<\/strong>[\/vc_column_text][\/vc_column][\/vc_row][vc_row][vc_column css_animation=&#8221;bottom-to-top&#8221;][vc_btn title=&#8221; Formulaire de demande&#8221; style=&#8221;flat&#8221; shape=&#8221;square&#8221; i_type=&#8221;linecons&#8221; i_icon_linecons=&#8221;vc_li vc_li-mail&#8221; add_icon=&#8221;true&#8221; link=&#8221;url:%2Ffr%2Fkontakt%23anfrage|||&#8221;][\/vc_column][\/vc_row][vc_row][vc_column offset=&#8221;vc_hidden-lg vc_hidden-md vc_hidden-sm&#8221;][vc_empty_space height=&#8221;20px&#8221;][\/vc_column][\/vc_row][vc_row][vc_column offset=&#8221;vc_hidden-xs&#8221;][vc_empty_space height=&#8221;40px&#8221;][\/vc_column][\/vc_row][vc_row full_width=&#8221;stretch_row_content_no_spaces&#8221;][vc_column][vc_masonry_media_grid gap=&#8221;10&#8243; item=&#8221;351&#8243; initial_loading_animation=&#8221;fadeIn&#8221; grid_id=&#8221;vc_gid:1553072892222-554e0268-7e4c-3&#8243; include=&#8221;329,330,331,332,333,334,335,336,659&#8243;][\/vc_column][\/vc_row][vc_row][vc_column offset=&#8221;vc_hidden-xs&#8221;][vc_empty_space height=&#8221;40px&#8221;][\/vc_column][\/vc_row]<\/p>\n<\/div>","protected":false},"excerpt":{"rendered":"<p>[vc_row][vc_column offset=&#8221;vc_hidden-lg vc_hidden-md vc_hidden-sm&#8221;][vc_empty_space height=&#8221;20px&#8221;][\/vc_column][\/vc_row][vc_row][vc_column offset=&#8221;vc_hidden-xs&#8221;][vc_empty_space height=&#8221;40px&#8221;][\/vc_column][\/vc_row][vc_row full_width=&#8221;stretch_row&#8221;][vc_column][vc_column_text] Grande polyvalence du bois d\u00b4acacia \u2013 Achetez un bois qui se maintien dans le temps. Le robinier faux<span class=\"excerpt-hellip\"> [\u2026]<\/span><\/p>\n","protected":false},"author":1,"featured_media":0,"parent":0,"menu_order":0,"comment_status":"closed","ping_status":"closed","template":"","meta":{"footnotes":""},"class_list":["post-249","page","type-page","status-publish","hentry"],"translation":{"provider":"WPGlobus","version":"3.0.1","language":"fr","enabled_languages":["de","gb","fr"],"languages":{"de":{"title":true,"content":true,"excerpt":false},"gb":{"title":true,"content":true,"excerpt":false},"fr":{"title":true,"content":true,"excerpt":false}}},"aioseo_notices":[],"_links":{"self":[{"href":"https:\/\/www.mayer-holz.at\/fr\/wp-json\/wp\/v2\/pages\/249","targetHints":{"allow":["GET"]}}],"collection":[{"href":"https:\/\/www.mayer-holz.at\/fr\/wp-json\/wp\/v2\/pages"}],"about":[{"href":"https:\/\/www.mayer-holz.at\/fr\/wp-json\/wp\/v2\/types\/page"}],"author":[{"embeddable":true,"href":"https:\/\/www.mayer-holz.at\/fr\/wp-json\/wp\/v2\/users\/1"}],"replies":[{"embeddable":true,"href":"https:\/\/www.mayer-holz.at\/fr\/wp-json\/wp\/v2\/comments?post=249"}],"version-history":[{"count":105,"href":"https:\/\/www.mayer-holz.at\/fr\/wp-json\/wp\/v2\/pages\/249\/revisions"}],"predecessor-version":[{"id":792,"href":"https:\/\/www.mayer-holz.at\/fr\/wp-json\/wp\/v2\/pages\/249\/revisions\/792"}],"wp:attachment":[{"href":"https:\/\/www.mayer-holz.at\/fr\/wp-json\/wp\/v2\/media?parent=249"}],"curies":[{"name":"wp","href":"https:\/\/api.w.org\/{rel}","templated":true}]}}