{"id":67,"date":"2018-06-05T08:59:01","date_gmt":"2018-06-05T06:59:01","guid":{"rendered":"http:\/\/themes.muffingroup.com\/be\/product\/?page_id=2"},"modified":"2023-05-04T12:55:34","modified_gmt":"2023-05-04T10:55:34","slug":"mayer-fischer-holz-handel-gmbh","status":"publish","type":"page","link":"https:\/\/www.mayer-holz.at\/fr\/","title":{"rendered":"Mayer-Fischer Holzandel"},"content":{"rendered":"<div class=\"wpb-content-wrapper\"><p>[vc_row][vc_column][rev_slider_vc alias=&#8221;startseite-fade-fr&#8221;][\/vc_column][\/vc_row][vc_row][vc_column offset=&#8221;vc_hidden-lg vc_hidden-md vc_hidden-sm&#8221;][vc_empty_space height=&#8221;20px&#8221;][\/vc_column][\/vc_row][vc_row][vc_column offset=&#8221;vc_hidden-xs&#8221;][vc_empty_space height=&#8221;40px&#8221;][\/vc_column][\/vc_row][vc_row full_width=&#8221;stretch_row&#8221;][vc_column][vc_column_text]<\/p>\n<h1>Le commerce du bois de qualit\u00e9 est notre passion.<\/h1>\n<hr class=\"hr_narrow  hr_color\" style=\"margin:0 auto 22px;\"\/>\n\n<p>La confiance et les bonnes relations sont les fondements de notre succ\u00e8s depuis plus de 65 ans. Le Robinier en terrasse, bardage ou poteaux, puis le ch\u00eanes et l\u00b4acacias en merrain constituent les grandes sp\u00e9cialit\u00e9s de notre soci\u00e9t\u00e9. Le commerce des bois sp\u00e9ciaux, tels que l\u00b4\u00e9l\u00e9gant et robuste m\u00e9l\u00e8ze ou le ch\u00eane fin, couronne notre offre. Un grand nombre de nos produits sont certifi\u00e9s FSC<sup>\u00ae<\/sup> et toujours de TOP-qualit\u00e9 (FSC-C145356).<\/p>\n<p>Nous nous r\u00e9jouissons de travailler avec vous.[\/vc_column_text][\/vc_column][\/vc_row][vc_row full_width=&#8221;stretch_row&#8221;][vc_column css_animation=&#8221;fadeInLeft&#8221; width=&#8221;1\/3&#8243; el_class=&#8221;team-pic3&#8243;][vc_single_image image=&#8221;648&#8243; img_size=&#8221;&#8221; alignment=&#8221;center&#8221; el_class=&#8221;unterschrift&#8221;][vc_column_text]<\/p>\n<h4 style=\"text-align: center;\">Hannes Fischer<\/h4>\n<p>[\/vc_column_text][\/vc_column][vc_column css_animation=&#8221;fadeInLeft&#8221; width=&#8221;1\/3&#8243; el_class=&#8221;team-pic2&#8243;][vc_single_image image=&#8221;649&#8243; img_size=&#8221;&#8221; alignment=&#8221;center&#8221; el_class=&#8221;unterschrift&#8221;][vc_column_text]<\/p>\n<h4 style=\"text-align: center;\">Susanne Klein<\/h4>\n<p>[\/vc_column_text][\/vc_column][vc_column css_animation=&#8221;fadeInLeft&#8221; width=&#8221;1\/3&#8243;][vc_single_image image=&#8221;650&#8243; img_size=&#8221;&#8221; alignment=&#8221;center&#8221; el_class=&#8221;unterschrift&#8221;][vc_column_text]<\/p>\n<h4 style=\"text-align: center;\">Wilfried Tissot<\/h4>\n<p>[\/vc_column_text][\/vc_column][\/vc_row][vc_row][vc_column][vc_empty_space height=&#8221;30px&#8221;][\/vc_column][\/vc_row][vc_row][vc_column css_animation=&#8221;fadeIn&#8221; width=&#8221;1\/3&#8243;][vc_single_image image=&#8221;659&#8243; img_size=&#8221;full&#8221; alignment=&#8221;center&#8221; onclick=&#8221;custom_link&#8221; link=&#8221;\/fr\/robinie\/&#8221; el_class=&#8221;bild-startseite&#8221;][vc_column_text css=&#8221;.vc_custom_1552927622076{padding-top: 15px !important;padding-right: 15px !important;padding-bottom: 15px !important;padding-left: 15px !important;background-color: #f2f2f2 !important;}&#8221;]Le robinier faux acacia ou encore \u00a0l\u00b4acacia est le bois le plus dur et le plus durable de notre continent. Ce beau robinier est la seule essence de bois cultiv\u00e9e \u2026<\/p>\n<p style=\"text-align: left;\"><strong><a href=\"\/fr\/robinie\/\">En savoir plus<\/a><\/strong><\/p>\n<p>[\/vc_column_text][\/vc_column][vc_column css_animation=&#8221;fadeIn&#8221; width=&#8221;1\/3&#8243;][vc_single_image image=&#8221;655&#8243; img_size=&#8221;full&#8221; alignment=&#8221;center&#8221; onclick=&#8221;custom_link&#8221; link=&#8221;\/fr\/fassholz\/&#8221; el_class=&#8221;bild-startseite&#8221;][vc_column_text css=&#8221;.vc_custom_1552927628258{padding-top: 15px !important;padding-right: 15px !important;padding-bottom: 15px !important;padding-left: 15px !important;background-color: #f2f2f2 !important;}&#8221;]Les tonneaux en ch\u00eane sont bien connus et \u00e9prouv\u00e9s depuis des si\u00e8cles. Nos ch\u00eanes fran\u00e7ais ou europ\u00e9ens de grandes qualit\u00e9s \u2026<\/p>\n<p style=\"text-align: left;\"><strong><a href=\"\/fr\/fassholz\/\">En savoir plus<\/a><\/strong><\/p>\n<p>[\/vc_column_text][\/vc_column][vc_column css_animation=&#8221;fadeIn&#8221; width=&#8221;1\/3&#8243;][vc_single_image image=&#8221;654&#8243; img_size=&#8221;full&#8221; alignment=&#8221;center&#8221; onclick=&#8221;custom_link&#8221; link=&#8221;\/fr\/fassholz-lagerliste\/&#8221; el_class=&#8221;bild-startseite&#8221;][vc_column_text css=&#8221;.vc_custom_1552927633872{padding-top: 15px !important;padding-right: 15px !important;padding-bottom: 15px !important;padding-left: 15px !important;background-color: #f2f2f2 !important;}&#8221;]Notre\u00a0liste\u00a0de\u00a0merrains\u00a0actuellement en stock en\u00a0ch\u00eane et acacia. Laissez-vous inspirer par les nombreuses possibilit\u00e9s \u2026<\/p>\n<p style=\"text-align: left;\"><strong><a href=\"\/fr\/fassholz-lagerliste\/\">En savoir plus<\/a><\/strong><\/p>\n<p>[\/vc_column_text][\/vc_column][\/vc_row][vc_row][vc_column][vc_empty_space height=&#8221;40px&#8221;][\/vc_column][\/vc_row]<\/p>\n<\/div>","protected":false},"excerpt":{"rendered":"<p>[vc_row][vc_column][rev_slider_vc alias=&#8221;startseite-fade-fr&#8221;][\/vc_column][\/vc_row][vc_row][vc_column offset=&#8221;vc_hidden-lg vc_hidden-md vc_hidden-sm&#8221;][vc_empty_space height=&#8221;20px&#8221;][\/vc_column][\/vc_row][vc_row][vc_column offset=&#8221;vc_hidden-xs&#8221;][vc_empty_space height=&#8221;40px&#8221;][\/vc_column][\/vc_row][vc_row full_width=&#8221;stretch_row&#8221;][vc_column][vc_column_text] Le commerce du bois de qualit\u00e9 est notre passion. La confiance et les bonnes relations sont les<span class=\"excerpt-hellip\"> [\u2026]<\/span><\/p>\n","protected":false},"author":1,"featured_media":0,"parent":0,"menu_order":0,"comment_status":"closed","ping_status":"closed","template":"","meta":{"footnotes":""},"class_list":["post-67","page","type-page","status-publish","hentry"],"translation":{"provider":"WPGlobus","version":"3.0.2","language":"fr","enabled_languages":["de","gb","fr"],"languages":{"de":{"title":true,"content":true,"excerpt":false},"gb":{"title":true,"content":true,"excerpt":false},"fr":{"title":true,"content":true,"excerpt":false}}},"aioseo_notices":[],"_links":{"self":[{"href":"https:\/\/www.mayer-holz.at\/fr\/wp-json\/wp\/v2\/pages\/67","targetHints":{"allow":["GET"]}}],"collection":[{"href":"https:\/\/www.mayer-holz.at\/fr\/wp-json\/wp\/v2\/pages"}],"about":[{"href":"https:\/\/www.mayer-holz.at\/fr\/wp-json\/wp\/v2\/types\/page"}],"author":[{"embeddable":true,"href":"https:\/\/www.mayer-holz.at\/fr\/wp-json\/wp\/v2\/users\/1"}],"replies":[{"embeddable":true,"href":"https:\/\/www.mayer-holz.at\/fr\/wp-json\/wp\/v2\/comments?post=67"}],"version-history":[{"count":151,"href":"https:\/\/www.mayer-holz.at\/fr\/wp-json\/wp\/v2\/pages\/67\/revisions"}],"predecessor-version":[{"id":880,"href":"https:\/\/www.mayer-holz.at\/fr\/wp-json\/wp\/v2\/pages\/67\/revisions\/880"}],"wp:attachment":[{"href":"https:\/\/www.mayer-holz.at\/fr\/wp-json\/wp\/v2\/media?parent=67"}],"curies":[{"name":"wp","href":"https:\/\/api.w.org\/{rel}","templated":true}]}}